{"id":737,"date":"2025-07-28T18:18:49","date_gmt":"2025-07-28T16:18:49","guid":{"rendered":"https:\/\/wuefolk.de\/wps\/?page_id=737"},"modified":"2025-08-20T14:42:00","modified_gmt":"2025-08-20T12:42:00","slug":"ueber-uns","status":"publish","type":"page","link":"https:\/\/wuefolk.de\/wps\/ueber-uns\/","title":{"rendered":"\u00dcber Uns"},"content":{"rendered":"<div  class='flex_column av-6l1qx-76559c90fe9cdc29e435f5c8209df1c2 av_one_full  avia-builder-el-0  avia-builder-el-no-sibling  first flex_column_div  '     ><section  class='av_textblock_section av-mdyozc6y-184bcd3b64a90880e3caacb31302fdab '   itemscope=\"itemscope\" itemtype=\"https:\/\/schema.org\/CreativeWork\" ><div class='avia_textblock'  itemprop=\"text\" ><header class=\"article-header clearfix\">\n<h2 class=\"article-title\">Der Folkclub W\u00fcrzburg e.V.<\/h2>\n<\/header>\n<section class=\"article-content clearfix\">\n<div>\n<p>Der Folkclub W\u00fcrzburg e.V. ist ein gemeinn\u00fctziger, eingetragener Verein, der haupts\u00e4chlich in W\u00fcrzburg und Umgebung t\u00e4tig ist. Alle Aktiven sind im Verein ehrenamtlich t\u00e4tig.<br \/>\nAuf unserem Programm stehen Konzerte, Tanzveranstaltungen und viele weitere Aktionen rund um Folk verschiedenster Stilrichtungen aus aller Welt.<br \/>\nGerne verweisen wir auch auf Veranstaltungen in der Umgebung, die sich in diesem Genre bewegen.<\/p>\n<\/div>\n<div>\n<p>Bei Fragen erreichen Sie uns \u00fcber das\u00a0<a href=\"https:\/\/wuefolk.de\/wps\/kontakt\/\">Kontaktformular<\/a> .<\/p>\n<p>Unsere Satzung finden Sie hier: <a href=\"https:\/\/wuefolk.de\/wps\/wp-content\/uploads\/2018\/01\/SatzungFolkclub.pdf\" target=\"_blank\" rel=\"noopener\">Satzung (pdf)<\/a><\/p>\n<p>Der Folkclub W\u00fcrzburg e.V. wird vertreten durch den Vorstand:<\/p>\n<p>Monika Gerdes (Kassiererin), Luise Moosburger (Vorsitzende), Henrike Staab (Schriftf\u00fchrerin)<\/p>\n<\/div>\n<\/section>\n<\/div><\/section><br \/>\n\n<style type=\"text\/css\" data-created_by=\"avia_inline_auto\" id=\"style-css-av-mdyp1tr9-c0ccf9ccb5079ee614b1ba62bcc7adb1\">\n.avia-image-container.av-mdyp1tr9-c0ccf9ccb5079ee614b1ba62bcc7adb1 img.avia_image{\nbox-shadow:none;\n}\n.avia-image-container.av-mdyp1tr9-c0ccf9ccb5079ee614b1ba62bcc7adb1 .av-image-caption-overlay-center{\ncolor:#ffffff;\n}\n<\/style>\n<div  class='avia-image-container av-mdyp1tr9-c0ccf9ccb5079ee614b1ba62bcc7adb1 av-styling- avia-align-center  avia-builder-el-2  el_after_av_textblock  el_before_av_textblock '   itemprop=\"image\" itemscope=\"itemscope\" itemtype=\"https:\/\/schema.org\/ImageObject\" ><div class=\"avia-image-container-inner\"><div class=\"avia-image-overlay-wrap\"><img decoding=\"async\" class='wp-image-739 avia-img-lazy-loading-not-739 avia_image ' src=\"https:\/\/wuefolk.de\/wps\/wp-content\/uploads\/2025\/07\/Vorstand2024.jpg\" alt='' title='Vorstand2024'  height=\"1066\" width=\"1600\"  itemprop=\"thumbnailUrl\" srcset=\"https:\/\/wuefolk.de\/wps\/wp-content\/uploads\/2025\/07\/Vorstand2024.jpg 1600w, https:\/\/wuefolk.de\/wps\/wp-content\/uploads\/2025\/07\/Vorstand2024-300x200.jpg 300w, https:\/\/wuefolk.de\/wps\/wp-content\/uploads\/2025\/07\/Vorstand2024-1030x686.jpg 1030w, https:\/\/wuefolk.de\/wps\/wp-content\/uploads\/2025\/07\/Vorstand2024-768x512.jpg 768w, https:\/\/wuefolk.de\/wps\/wp-content\/uploads\/2025\/07\/Vorstand2024-1536x1023.jpg 1536w, https:\/\/wuefolk.de\/wps\/wp-content\/uploads\/2025\/07\/Vorstand2024-1500x999.jpg 1500w, https:\/\/wuefolk.de\/wps\/wp-content\/uploads\/2025\/07\/Vorstand2024-705x470.jpg 705w\" sizes=\"(max-width: 1600px) 100vw, 1600px\" \/><\/div><\/div><\/div><br \/>\n<section  class='av_textblock_section av-mdyp0b32-2f9f78a81ed30d4913d2e3216045680e '   itemscope=\"itemscope\" itemtype=\"https:\/\/schema.org\/CreativeWork\" ><div class='avia_textblock'  itemprop=\"text\" ><p><em>Im Bild: Monika Gerdes (Kassiererin), Luise Moosburger (Vorsitzende), Henrike Staab (Schriftf\u00fchrerin)<\/em><\/p>\n<p><strong>Kooperation mit dem Arbeitskreis Kultur Zell<\/strong><\/p>\n<p>Um Irlands Folklegende Andy Irvine nach Unterfranken zu holen, haben sich 2018 der Folkclub und der AK Kultur Zell zusammengetan. Die Kooperation ist bestens gelungen, beide Vereine freuen sich auf weitere Projekte in Sachen Folkmusik in und um W\u00fcrzburg.<\/p>\n<\/div><\/section><br \/>\n\n<style type=\"text\/css\" data-created_by=\"avia_inline_auto\" id=\"style-css-av-mdyp2qnc-0933c606438e305257b33b3967984f0a\">\n.avia-image-container.av-mdyp2qnc-0933c606438e305257b33b3967984f0a img.avia_image{\nbox-shadow:none;\n}\n.avia-image-container.av-mdyp2qnc-0933c606438e305257b33b3967984f0a .av-image-caption-overlay-center{\ncolor:#ffffff;\n}\n<\/style>\n<div  class='avia-image-container av-mdyp2qnc-0933c606438e305257b33b3967984f0a av-styling- avia-align-center  avia-builder-el-4  el_after_av_textblock  el_before_av_textblock '   itemprop=\"image\" itemscope=\"itemscope\" itemtype=\"https:\/\/schema.org\/ImageObject\" ><div class=\"avia-image-container-inner\"><div class=\"avia-image-overlay-wrap\"><img decoding=\"async\" class='wp-image-738 avia-img-lazy-loading-not-738 avia_image ' src=\"https:\/\/wuefolk.de\/wps\/wp-content\/uploads\/2025\/07\/Unbenannt.jpg\" alt='v.l.n.r.: Elisabeth Reinhart, Alfons Feuerbach, Carmen B\u00fcttner (Sprecher des AK Kultur) und Luise Moosburger (Vorsitzende Folkclub W\u00fcrzburg e.V.) Foto: Sabine Pichler.' title='Unbenannt'  height=\"1181\" width=\"1622\"  itemprop=\"thumbnailUrl\" srcset=\"https:\/\/wuefolk.de\/wps\/wp-content\/uploads\/2025\/07\/Unbenannt.jpg 1622w, https:\/\/wuefolk.de\/wps\/wp-content\/uploads\/2025\/07\/Unbenannt-300x218.jpg 300w, https:\/\/wuefolk.de\/wps\/wp-content\/uploads\/2025\/07\/Unbenannt-1030x750.jpg 1030w, https:\/\/wuefolk.de\/wps\/wp-content\/uploads\/2025\/07\/Unbenannt-768x559.jpg 768w, https:\/\/wuefolk.de\/wps\/wp-content\/uploads\/2025\/07\/Unbenannt-1536x1118.jpg 1536w, https:\/\/wuefolk.de\/wps\/wp-content\/uploads\/2025\/07\/Unbenannt-1500x1092.jpg 1500w, https:\/\/wuefolk.de\/wps\/wp-content\/uploads\/2025\/07\/Unbenannt-705x513.jpg 705w\" sizes=\"(max-width: 1622px) 100vw, 1622px\" \/><\/div><\/div><\/div><br \/>\n<section  class='av_textblock_section av-meinkd6t-2cfbba98305f39cbc0a40aa330689a07 '   itemscope=\"itemscope\" itemtype=\"https:\/\/schema.org\/CreativeWork\" ><div class='avia_textblock'  itemprop=\"text\" ><p><em>v.l.n.r.: Elisabeth Reinhart, Alfons Feuerbach, Carmen B\u00fcttner (Sprecher des AK Kultur) und Luise Moosburger (Vorsitzende Folkclub W\u00fcrzburg e.V.) Foto: Sabine Pichler.<\/em><\/p>\n<\/div><\/section><\/p><\/div>\n","protected":false},"excerpt":{"rendered":"","protected":false},"author":1,"featured_media":0,"parent":0,"menu_order":0,"comment_status":"closed","ping_status":"closed","template":"","meta":{"_price":"","_stock":"","_tribe_ticket_header":"","_tribe_default_ticket_provider":"TEC\\Tickets\\Commerce\\Module","_tribe_ticket_capacity":"0","_ticket_start_date":"","_ticket_end_date":"","_tribe_ticket_show_description":"","_tribe_ticket_show_not_going":false,"_tribe_ticket_use_global_stock":"","_tribe_ticket_global_stock_level":"","_global_stock_mode":"","_global_stock_cap":"","_tribe_rsvp_for_event":"","_tribe_ticket_going_count":"","_tribe_ticket_not_going_count":"","_tribe_tickets_list":"[]","_tribe_ticket_has_attendee_info_fields":false,"footnotes":"","_tec_slr_enabled":"","_tec_slr_layout":""},"class_list":["post-737","page","type-page","status-publish","hentry"],"ticketed":false,"_links":{"self":[{"href":"https:\/\/wuefolk.de\/wps\/wp-json\/wp\/v2\/pages\/737","targetHints":{"allow":["GET"]}}],"collection":[{"href":"https:\/\/wuefolk.de\/wps\/wp-json\/wp\/v2\/pages"}],"about":[{"href":"https:\/\/wuefolk.de\/wps\/wp-json\/wp\/v2\/types\/page"}],"author":[{"embeddable":true,"href":"https:\/\/wuefolk.de\/wps\/wp-json\/wp\/v2\/users\/1"}],"replies":[{"embeddable":true,"href":"https:\/\/wuefolk.de\/wps\/wp-json\/wp\/v2\/comments?post=737"}],"version-history":[{"count":10,"href":"https:\/\/wuefolk.de\/wps\/wp-json\/wp\/v2\/pages\/737\/revisions"}],"predecessor-version":[{"id":1016,"href":"https:\/\/wuefolk.de\/wps\/wp-json\/wp\/v2\/pages\/737\/revisions\/1016"}],"wp:attachment":[{"href":"https:\/\/wuefolk.de\/wps\/wp-json\/wp\/v2\/media?parent=737"}],"curies":[{"name":"wp","href":"https:\/\/api.w.org\/{rel}","templated":true}]}}